{"id":25,"date":"2017-01-17T17:52:31","date_gmt":"2017-01-17T16:52:31","guid":{"rendered":"https:\/\/www.heels-and-more.com\/?post_type=product&#038;p=25"},"modified":"2025-08-19T04:43:20","modified_gmt":"2025-08-19T03:43:20","slug":"sandale-18-cm-absatz","status":"publish","type":"product","link":"https:\/\/www.heels-and-more.com\/?product=sandale-18-cm-absatz","title":{"rendered":"Sandale 18 cm Absatz"},"content":{"rendered":"<p>&nbsp;<\/p>\n<p><img loading=\"lazy\" decoding=\"async\" class=\"alignnone size-medium wp-image-16\" src=\"https:\/\/www.heels-and-more.com\/wp-content\/uploads\/2017\/01\/Sandale-171001-232x300.jpeg\" alt=\"\" width=\"232\" height=\"300\" srcset=\"https:\/\/www.heels-and-more.com\/wp-content\/uploads\/2017\/01\/Sandale-171001-232x300.jpeg 232w, https:\/\/www.heels-and-more.com\/wp-content\/uploads\/2017\/01\/Sandale-171001.jpeg 240w\" sizes=\"auto, (max-width: 232px) 100vw, 232px\" \/><\/p>\n<p>Sandale in Lackleder oder Echtleder mit 18 cm Absatz<\/p>\n<p>in wei\u00df und schwarz erh\u00e4ltlich<\/p>\n<p>Heels &amp; more Qualit\u00e4tsgrad: C<\/p>\n<p>Heels &amp; more Gr\u00f6\u00dfen\u00e4quivalent: +0,5<\/p>\n<p>&nbsp;<\/p>\n","protected":false},"excerpt":{"rendered":"<p>Lackleder Sandale in Advanced Quality (aus China).<\/p>\n","protected":false},"featured_media":16,"comment_status":"open","ping_status":"closed","template":"","meta":[],"product_brand":[],"product_cat":[6,45],"product_tag":[],"class_list":{"0":"post-25","1":"product","2":"type-product","3":"status-publish","4":"has-post-thumbnail","6":"product_cat-highheels","7":"product_cat-sandalen","9":"first","10":"instock","11":"taxable","12":"shipping-taxable","13":"product-type-variable"},"jetpack_sharing_enabled":true,"_links":{"self":[{"href":"https:\/\/www.heels-and-more.com\/index.php?rest_route=\/wp\/v2\/product\/25","targetHints":{"allow":["GET"]}}],"collection":[{"href":"https:\/\/www.heels-and-more.com\/index.php?rest_route=\/wp\/v2\/product"}],"about":[{"href":"https:\/\/www.heels-and-more.com\/index.php?rest_route=\/wp\/v2\/types\/product"}],"replies":[{"embeddable":true,"href":"https:\/\/www.heels-and-more.com\/index.php?rest_route=%2Fwp%2Fv2%2Fcomments&post=25"}],"wp:featuredmedia":[{"embeddable":true,"href":"https:\/\/www.heels-and-more.com\/index.php?rest_route=\/wp\/v2\/media\/16"}],"wp:attachment":[{"href":"https:\/\/www.heels-and-more.com\/index.php?rest_route=%2Fwp%2Fv2%2Fmedia&parent=25"}],"wp:term":[{"taxonomy":"product_brand","embeddable":true,"href":"https:\/\/www.heels-and-more.com\/index.php?rest_route=%2Fwp%2Fv2%2Fproduct_brand&post=25"},{"taxonomy":"product_cat","embeddable":true,"href":"https:\/\/www.heels-and-more.com\/index.php?rest_route=%2Fwp%2Fv2%2Fproduct_cat&post=25"},{"taxonomy":"product_tag","embeddable":true,"href":"https:\/\/www.heels-and-more.com\/index.php?rest_route=%2Fwp%2Fv2%2Fproduct_tag&post=25"}],"curies":[{"name":"wp","href":"https:\/\/api.w.org\/{rel}","templated":true}]}}